{"id":672,"date":"2022-09-22T22:57:24","date_gmt":"2022-09-22T22:57:24","guid":{"rendered":"https:\/\/pluginsds.com\/sites\/?post_type=product&#038;p=672"},"modified":"2022-12-19T03:39:19","modified_gmt":"2022-12-19T03:39:19","slug":"abridor-de-garrafas-automatico","status":"publish","type":"product","link":"https:\/\/msideias.com.br\/drop\/produto\/abridor-de-garrafas-automatico\/","title":{"rendered":"Abridor de garrafas Autom\u00e1tico"},"content":{"rendered":"<p>Abridor de vinho el\u00e9trico autom\u00e1tico saca-rolhas criativo abridor de garrafa de vinho com led para barra uso dom\u00e9stico acess\u00f3rios barra<br \/>\nCaracter\u00edsticas:<\/p>\n<p>1. design elegante: a janela \u00fanica visualiza todo o processo de remo\u00e7\u00e3o de corti\u00e7a. Um abridor de carta \u00e9 inclu\u00eddo para remover facilmente a gaxeta.<br \/>\n2. f\u00e1cil de usar: opera\u00e7\u00e3o de bot\u00e3o simples, pressione &#8220;bot\u00e3o para baixo&#8221; para remover a corti\u00e7a da garrafa, pressione &#8220;bot\u00e3o para cima&#8221; para remover a corti\u00e7a do saca-rolhas.<br \/>\n3. economia de trabalho: com sentimentos de m\u00e3o confort\u00e1veis, pode suportar o uso dos muitos tempos, est\u00e1vel e confi\u00e1vel, resistente ao desgaste e economia de esfor\u00e7o.<br \/>\n4. luz do diodo emissor de luz: quando a garrafa \u00e9 aberta, a luz vermelha do diodo emissor de luz acende-se, que \u00e9 muito bonita com o corpo fresco de todo o preto.<br \/>\n5. melhor presente para os amantes do vinho: o saca-rolhas pode ser o presente perfeito para o natal, anivers\u00e1rio, a\u00e7\u00e3o de gra\u00e7as, anivers\u00e1rio, dia dos namorados, gradua\u00e7\u00e3o e outras ocasi\u00f5es.<\/p>\n<p><strong>Descri\u00e7\u00e3o:<\/strong><\/p>\n<p>Este saca-rolhas usa material abs de alta qualidade, que se sente bem ao toque, e tem boa qualidade e n\u00e3o \u00e9 facilmente danificado.<br \/>\nEspecifica\u00e7\u00f5es:<br \/>\nCor: Preto<br \/>\nFonte de alimenta\u00e7\u00e3o: bateria (n\u00e3o inclu\u00edda)<br \/>\nTamanho: 215*48mm<br \/>\nTipo: Abridores<br \/>\nAplica\u00e7\u00e3o: casa, barra, festa<\/p>\n<p>Pacote Inclui:<\/p>\n<p>1 * Abridor de garrafas<br \/>\nNotas:<br \/>\n1. permita um erro de 0-1 polegada devido \u00e0 medi\u00e7\u00e3o manual. Obrigado por sua compreens\u00e3o.<br \/>\n2. os monitores n\u00e3o s\u00e3o calibrados da mesma forma, a cor do item exibida nas fotos pode estar mostrando um pouco diferente do objeto real.<\/p>\n<p><img fetchpriority=\"high\" decoding=\"async\" class=\"alignnone  wp-image-913\" src=\"https:\/\/msideias.com.br\/afiliados\/wp-content\/uploads\/2022\/09\/H893221b5247f488caa95ed0d9588fecay-300x300.png\" alt=\"\" width=\"833\" height=\"833\" srcset=\"https:\/\/msideias.com.br\/drop\/wp-content\/uploads\/2022\/09\/H893221b5247f488caa95ed0d9588fecay-300x300.png 300w, https:\/\/msideias.com.br\/drop\/wp-content\/uploads\/2022\/09\/H893221b5247f488caa95ed0d9588fecay-100x100.png 100w, https:\/\/msideias.com.br\/drop\/wp-content\/uploads\/2022\/09\/H893221b5247f488caa95ed0d9588fecay-600x600.png 600w, https:\/\/msideias.com.br\/drop\/wp-content\/uploads\/2022\/09\/H893221b5247f488caa95ed0d9588fecay-64x64.png 64w, https:\/\/msideias.com.br\/drop\/wp-content\/uploads\/2022\/09\/H893221b5247f488caa95ed0d9588fecay-150x150.png 150w, https:\/\/msideias.com.br\/drop\/wp-content\/uploads\/2022\/09\/H893221b5247f488caa95ed0d9588fecay-768x768.png 768w, https:\/\/msideias.com.br\/drop\/wp-content\/uploads\/2022\/09\/H893221b5247f488caa95ed0d9588fecay.png 800w\" sizes=\"(max-width: 833px) 100vw, 833px\" \/><\/p>\n<p><img decoding=\"async\" class=\"alignnone  wp-image-914\" src=\"https:\/\/msideias.com.br\/afiliados\/wp-content\/uploads\/2022\/09\/Hce9d228a8c054147988bd29f616ca6f0r-300x300.jpg\" alt=\"\" width=\"831\" height=\"831\" srcset=\"https:\/\/msideias.com.br\/drop\/wp-content\/uploads\/2022\/09\/Hce9d228a8c054147988bd29f616ca6f0r-300x300.jpg 300w, https:\/\/msideias.com.br\/drop\/wp-content\/uploads\/2022\/09\/Hce9d228a8c054147988bd29f616ca6f0r-100x100.jpg 100w, https:\/\/msideias.com.br\/drop\/wp-content\/uploads\/2022\/09\/Hce9d228a8c054147988bd29f616ca6f0r-600x600.jpg 600w, https:\/\/msideias.com.br\/drop\/wp-content\/uploads\/2022\/09\/Hce9d228a8c054147988bd29f616ca6f0r-64x64.jpg 64w, https:\/\/msideias.com.br\/drop\/wp-content\/uploads\/2022\/09\/Hce9d228a8c054147988bd29f616ca6f0r-150x150.jpg 150w, https:\/\/msideias.com.br\/drop\/wp-content\/uploads\/2022\/09\/Hce9d228a8c054147988bd29f616ca6f0r-768x768.jpg 768w, https:\/\/msideias.com.br\/drop\/wp-content\/uploads\/2022\/09\/Hce9d228a8c054147988bd29f616ca6f0r.jpg 1010w\" sizes=\"(max-width: 831px) 100vw, 831px\" \/><\/p>\n<p><img decoding=\"async\" class=\"alignnone  wp-image-915\" src=\"https:\/\/msideias.com.br\/afiliados\/wp-content\/uploads\/2022\/09\/Hda515509124f4776a593e1ac39179f82H-300x300.jpg\" alt=\"\" width=\"827\" height=\"827\" srcset=\"https:\/\/msideias.com.br\/drop\/wp-content\/uploads\/2022\/09\/Hda515509124f4776a593e1ac39179f82H-300x300.jpg 300w, https:\/\/msideias.com.br\/drop\/wp-content\/uploads\/2022\/09\/Hda515509124f4776a593e1ac39179f82H-100x100.jpg 100w, https:\/\/msideias.com.br\/drop\/wp-content\/uploads\/2022\/09\/Hda515509124f4776a593e1ac39179f82H-600x600.jpg 600w, https:\/\/msideias.com.br\/drop\/wp-content\/uploads\/2022\/09\/Hda515509124f4776a593e1ac39179f82H-64x64.jpg 64w, https:\/\/msideias.com.br\/drop\/wp-content\/uploads\/2022\/09\/Hda515509124f4776a593e1ac39179f82H-150x150.jpg 150w, https:\/\/msideias.com.br\/drop\/wp-content\/uploads\/2022\/09\/Hda515509124f4776a593e1ac39179f82H-768x768.jpg 768w, https:\/\/msideias.com.br\/drop\/wp-content\/uploads\/2022\/09\/Hda515509124f4776a593e1ac39179f82H.jpg 1010w\" sizes=\"(max-width: 827px) 100vw, 827px\" \/><\/p>\n","protected":false},"excerpt":{"rendered":"<p>Abridor de vinho el\u00e9trico autom\u00e1tico saca-rolhas criativo abridor de garrafa de vinho com led para barra uso dom\u00e9stico acess\u00f3rios barra Caracter\u00edsticas: 1. design elegante: a janela \u00fanica visualiza todo o processo de remo\u00e7\u00e3o de corti\u00e7a. Um abridor de carta \u00e9 inclu\u00eddo para remover facilmente a gaxeta. 2. f\u00e1cil de usar: opera\u00e7\u00e3o de bot\u00e3o simples, pressione [&hellip;]<\/p>\n","protected":false},"featured_media":701,"comment_status":"open","ping_status":"closed","template":"","meta":[],"product_brand":[],"product_cat":[19,22],"product_tag":[],"class_list":{"0":"post-672","1":"product","2":"type-product","3":"status-publish","4":"has-post-thumbnail","6":"product_cat-casa","7":"product_cat-produtos-do-tiktok","9":"first","10":"instock","11":"shipping-taxable","12":"purchasable","13":"product-type-variable"},"_links":{"self":[{"href":"https:\/\/msideias.com.br\/drop\/wp-json\/wp\/v2\/product\/672","targetHints":{"allow":["GET"]}}],"collection":[{"href":"https:\/\/msideias.com.br\/drop\/wp-json\/wp\/v2\/product"}],"about":[{"href":"https:\/\/msideias.com.br\/drop\/wp-json\/wp\/v2\/types\/product"}],"replies":[{"embeddable":true,"href":"https:\/\/msideias.com.br\/drop\/wp-json\/wp\/v2\/comments?post=672"}],"wp:featuredmedia":[{"embeddable":true,"href":"https:\/\/msideias.com.br\/drop\/wp-json\/wp\/v2\/media\/701"}],"wp:attachment":[{"href":"https:\/\/msideias.com.br\/drop\/wp-json\/wp\/v2\/media?parent=672"}],"wp:term":[{"taxonomy":"product_brand","embeddable":true,"href":"https:\/\/msideias.com.br\/drop\/wp-json\/wp\/v2\/product_brand?post=672"},{"taxonomy":"product_cat","embeddable":true,"href":"https:\/\/msideias.com.br\/drop\/wp-json\/wp\/v2\/product_cat?post=672"},{"taxonomy":"product_tag","embeddable":true,"href":"https:\/\/msideias.com.br\/drop\/wp-json\/wp\/v2\/product_tag?post=672"}],"curies":[{"name":"wp","href":"https:\/\/api.w.org\/{rel}","templated":true}]}}